{"id":307,"date":"2019-01-21T22:54:37","date_gmt":"2019-01-21T22:54:37","guid":{"rendered":"http:\/\/www.vekayachtmarine.com\/?page_id=307"},"modified":"2019-01-22T09:49:11","modified_gmt":"2019-01-22T09:49:11","slug":"pasarella","status":"publish","type":"page","link":"http:\/\/www.vekayachtmarine.com\/?page_id=307","title":{"rendered":"Pasarella"},"content":{"rendered":"\n<ul class=\"wp-block-gallery columns-2 is-cropped\"><li class=\"blocks-gallery-item\"><figure><img loading=\"lazy\" width=\"600\" height=\"450\" src=\"http:\/\/www.vekayachtmarine.com\/wp-content\/uploads\/2019\/01\/IMG_0590_600x450.jpg\" alt=\"\" data-id=\"434\" data-link=\"http:\/\/www.vekayachtmarine.com\/?attachment_id=434\" class=\"wp-image-434\" srcset=\"http:\/\/www.vekayachtmarine.com\/wp-content\/uploads\/2019\/01\/IMG_0590_600x450.jpg 600w, http:\/\/www.vekayachtmarine.com\/wp-content\/uploads\/2019\/01\/IMG_0590_600x450-300x225.jpg 300w, http:\/\/www.vekayachtmarine.com\/wp-content\/uploads\/2019\/01\/IMG_0590_600x450-195x146.jpg 195w, http:\/\/www.vekayachtmarine.com\/wp-content\/uploads\/2019\/01\/IMG_0590_600x450-50x38.jpg 50w, http:\/\/www.vekayachtmarine.com\/wp-content\/uploads\/2019\/01\/IMG_0590_600x450-100x75.jpg 100w\" sizes=\"(max-width: 600px) 100vw, 600px\" \/><\/figure><\/li><li class=\"blocks-gallery-item\"><figure><img loading=\"lazy\" width=\"600\" height=\"450\" src=\"http:\/\/www.vekayachtmarine.com\/wp-content\/uploads\/2019\/01\/IMG_1438_600x450.jpg\" alt=\"\" data-id=\"435\" data-link=\"http:\/\/www.vekayachtmarine.com\/?attachment_id=435\" class=\"wp-image-435\" srcset=\"http:\/\/www.vekayachtmarine.com\/wp-content\/uploads\/2019\/01\/IMG_1438_600x450.jpg 600w, http:\/\/www.vekayachtmarine.com\/wp-content\/uploads\/2019\/01\/IMG_1438_600x450-300x225.jpg 300w, http:\/\/www.vekayachtmarine.com\/wp-content\/uploads\/2019\/01\/IMG_1438_600x450-195x146.jpg 195w, http:\/\/www.vekayachtmarine.com\/wp-content\/uploads\/2019\/01\/IMG_1438_600x450-50x38.jpg 50w, http:\/\/www.vekayachtmarine.com\/wp-content\/uploads\/2019\/01\/IMG_1438_600x450-100x75.jpg 100w\" sizes=\"(max-width: 600px) 100vw, 600px\" \/><\/figure><\/li><\/ul>\n\n\n\n<p style=\"text-align:center\" class=\"has-medium-font-size\"><strong>Besenzoni , Opacmare markalar\u0131 \u00f6zel imalat pasarellalar\u0131n bak\u0131m , montaj ikinci el yan\u0131 s\u0131ra istenilen \u00f6l\u00e7\u00fcler de imalat ve modifikasyonlar yap\u0131l\u0131r.<\/strong><\/p>\n","protected":false},"excerpt":{"rendered":"<p>Besenzoni , Opacmare markalar\u0131 \u00f6zel imalat pasarellalar\u0131n bak\u0131m , montaj ikinci el yan\u0131 s\u0131ra istenilen \u00f6l\u00e7\u00fcler de imalat ve modifikasyonlar yap\u0131l\u0131r.<\/p>\n","protected":false},"author":1,"featured_media":0,"parent":17,"menu_order":0,"comment_status":"closed","ping_status":"closed","template":"","meta":[],"_links":{"self":[{"href":"http:\/\/www.vekayachtmarine.com\/index.php?rest_route=\/wp\/v2\/pages\/307"}],"collection":[{"href":"http:\/\/www.vekayachtmarine.com\/index.php?rest_route=\/wp\/v2\/pages"}],"about":[{"href":"http:\/\/www.vekayachtmarine.com\/index.php?rest_route=\/wp\/v2\/types\/page"}],"author":[{"embeddable":true,"href":"http:\/\/www.vekayachtmarine.com\/index.php?rest_route=\/wp\/v2\/users\/1"}],"replies":[{"embeddable":true,"href":"http:\/\/www.vekayachtmarine.com\/index.php?rest_route=%2Fwp%2Fv2%2Fcomments&post=307"}],"version-history":[{"count":1,"href":"http:\/\/www.vekayachtmarine.com\/index.php?rest_route=\/wp\/v2\/pages\/307\/revisions"}],"predecessor-version":[{"id":552,"href":"http:\/\/www.vekayachtmarine.com\/index.php?rest_route=\/wp\/v2\/pages\/307\/revisions\/552"}],"up":[{"embeddable":true,"href":"http:\/\/www.vekayachtmarine.com\/index.php?rest_route=\/wp\/v2\/pages\/17"}],"wp:attachment":[{"href":"http:\/\/www.vekayachtmarine.com\/index.php?rest_route=%2Fwp%2Fv2%2Fmedia&parent=307"}],"curies":[{"name":"wp","href":"https:\/\/api.w.org\/{rel}","templated":true}]}}