{"id":312,"date":"2019-01-21T22:56:04","date_gmt":"2019-01-21T22:56:04","guid":{"rendered":"http:\/\/www.vekayachtmarine.com\/?page_id=312"},"modified":"2019-01-22T09:50:51","modified_gmt":"2019-01-22T09:50:51","slug":"jenerator","status":"publish","type":"page","link":"http:\/\/www.vekayachtmarine.com\/?page_id=312","title":{"rendered":"Jenerat\u00f6r"},"content":{"rendered":"\n<ul class=\"wp-block-gallery columns-3 is-cropped\"><li class=\"blocks-gallery-item\"><figure><img loading=\"lazy\" width=\"518\" height=\"416\" src=\"http:\/\/www.vekayachtmarine.com\/wp-content\/uploads\/2019\/01\/19696-2624723.jpg\" alt=\"\" data-id=\"461\" data-link=\"http:\/\/www.vekayachtmarine.com\/?attachment_id=461\" class=\"wp-image-461\" srcset=\"http:\/\/www.vekayachtmarine.com\/wp-content\/uploads\/2019\/01\/19696-2624723.jpg 518w, http:\/\/www.vekayachtmarine.com\/wp-content\/uploads\/2019\/01\/19696-2624723-300x241.jpg 300w, http:\/\/www.vekayachtmarine.com\/wp-content\/uploads\/2019\/01\/19696-2624723-182x146.jpg 182w, http:\/\/www.vekayachtmarine.com\/wp-content\/uploads\/2019\/01\/19696-2624723-50x40.jpg 50w, http:\/\/www.vekayachtmarine.com\/wp-content\/uploads\/2019\/01\/19696-2624723-93x75.jpg 93w\" sizes=\"(max-width: 518px) 100vw, 518px\" \/><\/figure><\/li><li class=\"blocks-gallery-item\"><figure><img loading=\"lazy\" width=\"586\" height=\"539\" src=\"http:\/\/www.vekayachtmarine.com\/wp-content\/uploads\/2019\/01\/21504-11913036.jpg\" alt=\"\" data-id=\"462\" data-link=\"http:\/\/www.vekayachtmarine.com\/?attachment_id=462\" class=\"wp-image-462\" srcset=\"http:\/\/www.vekayachtmarine.com\/wp-content\/uploads\/2019\/01\/21504-11913036.jpg 586w, http:\/\/www.vekayachtmarine.com\/wp-content\/uploads\/2019\/01\/21504-11913036-300x276.jpg 300w, http:\/\/www.vekayachtmarine.com\/wp-content\/uploads\/2019\/01\/21504-11913036-159x146.jpg 159w, http:\/\/www.vekayachtmarine.com\/wp-content\/uploads\/2019\/01\/21504-11913036-50x46.jpg 50w, http:\/\/www.vekayachtmarine.com\/wp-content\/uploads\/2019\/01\/21504-11913036-82x75.jpg 82w\" sizes=\"(max-width: 586px) 100vw, 586px\" \/><\/figure><\/li><li class=\"blocks-gallery-item\"><figure><img loading=\"lazy\" width=\"712\" height=\"534\" src=\"http:\/\/www.vekayachtmarine.com\/wp-content\/uploads\/2019\/01\/C10000433.jpg\" alt=\"\" data-id=\"463\" data-link=\"http:\/\/www.vekayachtmarine.com\/?attachment_id=463\" class=\"wp-image-463\" srcset=\"http:\/\/www.vekayachtmarine.com\/wp-content\/uploads\/2019\/01\/C10000433.jpg 712w, http:\/\/www.vekayachtmarine.com\/wp-content\/uploads\/2019\/01\/C10000433-300x225.jpg 300w, http:\/\/www.vekayachtmarine.com\/wp-content\/uploads\/2019\/01\/C10000433-195x146.jpg 195w, http:\/\/www.vekayachtmarine.com\/wp-content\/uploads\/2019\/01\/C10000433-50x38.jpg 50w, http:\/\/www.vekayachtmarine.com\/wp-content\/uploads\/2019\/01\/C10000433-100x75.jpg 100w\" sizes=\"(max-width: 712px) 100vw, 712px\" \/><\/figure><\/li><\/ul>\n\n\n\n<p style=\"text-align:center\" class=\"has-medium-font-size\"><strong>Onan , Kohler , Cat marka jenerat\u00f6rlerin servis bak\u0131m yedek par\u00e7a onar\u0131m ve ikinci el hizmetlerini vermekteyiz.<\/strong><\/p>\n","protected":false},"excerpt":{"rendered":"<p>Onan , Kohler , Cat marka jenerat\u00f6rlerin servis bak\u0131m yedek par\u00e7a onar\u0131m ve ikinci el hizmetlerini vermekteyiz.<\/p>\n","protected":false},"author":1,"featured_media":0,"parent":17,"menu_order":0,"comment_status":"closed","ping_status":"closed","template":"","meta":[],"_links":{"self":[{"href":"http:\/\/www.vekayachtmarine.com\/index.php?rest_route=\/wp\/v2\/pages\/312"}],"collection":[{"href":"http:\/\/www.vekayachtmarine.com\/index.php?rest_route=\/wp\/v2\/pages"}],"about":[{"href":"http:\/\/www.vekayachtmarine.com\/index.php?rest_route=\/wp\/v2\/types\/page"}],"author":[{"embeddable":true,"href":"http:\/\/www.vekayachtmarine.com\/index.php?rest_route=\/wp\/v2\/users\/1"}],"replies":[{"embeddable":true,"href":"http:\/\/www.vekayachtmarine.com\/index.php?rest_route=%2Fwp%2Fv2%2Fcomments&post=312"}],"version-history":[{"count":1,"href":"http:\/\/www.vekayachtmarine.com\/index.php?rest_route=\/wp\/v2\/pages\/312\/revisions"}],"predecessor-version":[{"id":553,"href":"http:\/\/www.vekayachtmarine.com\/index.php?rest_route=\/wp\/v2\/pages\/312\/revisions\/553"}],"up":[{"embeddable":true,"href":"http:\/\/www.vekayachtmarine.com\/index.php?rest_route=\/wp\/v2\/pages\/17"}],"wp:attachment":[{"href":"http:\/\/www.vekayachtmarine.com\/index.php?rest_route=%2Fwp%2Fv2%2Fmedia&parent=312"}],"curies":[{"name":"wp","href":"https:\/\/api.w.org\/{rel}","templated":true}]}}