{"id":67,"date":"2019-01-16T16:16:45","date_gmt":"2019-01-16T16:16:45","guid":{"rendered":"http:\/\/www.vekayachtmarine.com\/?page_id=67"},"modified":"2019-01-22T12:39:36","modified_gmt":"2019-01-22T12:39:36","slug":"hidrolik","status":"publish","type":"page","link":"http:\/\/www.vekayachtmarine.com\/?page_id=67","title":{"rendered":"Hidrolik"},"content":{"rendered":"\n<ul class=\"wp-block-gallery columns-3 is-cropped\"><li class=\"blocks-gallery-item\"><figure><img loading=\"lazy\" width=\"600\" height=\"450\" src=\"http:\/\/www.vekayachtmarine.com\/wp-content\/uploads\/2019\/01\/IMG_0344_600x450.jpg\" alt=\"\" data-id=\"409\" data-link=\"http:\/\/www.vekayachtmarine.com\/?attachment_id=409\" class=\"wp-image-409\" srcset=\"http:\/\/www.vekayachtmarine.com\/wp-content\/uploads\/2019\/01\/IMG_0344_600x450.jpg 600w, http:\/\/www.vekayachtmarine.com\/wp-content\/uploads\/2019\/01\/IMG_0344_600x450-300x225.jpg 300w, http:\/\/www.vekayachtmarine.com\/wp-content\/uploads\/2019\/01\/IMG_0344_600x450-195x146.jpg 195w, http:\/\/www.vekayachtmarine.com\/wp-content\/uploads\/2019\/01\/IMG_0344_600x450-50x38.jpg 50w, http:\/\/www.vekayachtmarine.com\/wp-content\/uploads\/2019\/01\/IMG_0344_600x450-100x75.jpg 100w\" sizes=\"(max-width: 600px) 100vw, 600px\" \/><\/figure><\/li><li class=\"blocks-gallery-item\"><figure><img loading=\"lazy\" width=\"600\" height=\"450\" src=\"http:\/\/www.vekayachtmarine.com\/wp-content\/uploads\/2019\/01\/IMG_1817_600x450.jpg\" alt=\"\" data-id=\"410\" data-link=\"http:\/\/www.vekayachtmarine.com\/?attachment_id=410\" class=\"wp-image-410\" srcset=\"http:\/\/www.vekayachtmarine.com\/wp-content\/uploads\/2019\/01\/IMG_1817_600x450.jpg 600w, http:\/\/www.vekayachtmarine.com\/wp-content\/uploads\/2019\/01\/IMG_1817_600x450-300x225.jpg 300w, http:\/\/www.vekayachtmarine.com\/wp-content\/uploads\/2019\/01\/IMG_1817_600x450-195x146.jpg 195w, http:\/\/www.vekayachtmarine.com\/wp-content\/uploads\/2019\/01\/IMG_1817_600x450-50x38.jpg 50w, http:\/\/www.vekayachtmarine.com\/wp-content\/uploads\/2019\/01\/IMG_1817_600x450-100x75.jpg 100w\" sizes=\"(max-width: 600px) 100vw, 600px\" \/><\/figure><\/li><li class=\"blocks-gallery-item\"><figure><img loading=\"lazy\" width=\"600\" height=\"450\" src=\"http:\/\/www.vekayachtmarine.com\/wp-content\/uploads\/2019\/01\/IMG_2365_600x450.jpg\" alt=\"\" data-id=\"412\" data-link=\"http:\/\/www.vekayachtmarine.com\/?attachment_id=412\" class=\"wp-image-412\" srcset=\"http:\/\/www.vekayachtmarine.com\/wp-content\/uploads\/2019\/01\/IMG_2365_600x450.jpg 600w, http:\/\/www.vekayachtmarine.com\/wp-content\/uploads\/2019\/01\/IMG_2365_600x450-300x225.jpg 300w, http:\/\/www.vekayachtmarine.com\/wp-content\/uploads\/2019\/01\/IMG_2365_600x450-195x146.jpg 195w, http:\/\/www.vekayachtmarine.com\/wp-content\/uploads\/2019\/01\/IMG_2365_600x450-50x38.jpg 50w, http:\/\/www.vekayachtmarine.com\/wp-content\/uploads\/2019\/01\/IMG_2365_600x450-100x75.jpg 100w\" sizes=\"(max-width: 600px) 100vw, 600px\" \/><\/figure><\/li><\/ul>\n\n\n\n<p><\/p>\n\n\n\n<p style=\"text-align:center\" class=\"has-medium-font-size\"><strong>Yatlar\u0131n hidrolik d\u00fcmen sistemleri BCS marka hidrolik d\u00fcmen sistemleri hidrolik boru hortum tesisat\u0131 hidrolik \u00fcniteleri , pistonlar\u0131 , lazaret kapaklar\u0131 , \u0131rgat sistemleri tamir bak\u0131m imalat ve montajlar\u0131 yap\u0131lmaktad\u0131r<\/strong>.<\/p>\n","protected":false},"excerpt":{"rendered":"<p>Yatlar\u0131n hidrolik d\u00fcmen sistemleri BCS marka hidrolik d\u00fcmen sistemleri hidrolik boru hortum tesisat\u0131 hidrolik \u00fcniteleri , pistonlar\u0131 , lazaret kapaklar\u0131 , \u0131rgat sistemleri tamir bak\u0131m imalat<span class=\"excerpt-hellip\"> [\u2026]<\/span><\/p>\n","protected":false},"author":1,"featured_media":0,"parent":17,"menu_order":0,"comment_status":"closed","ping_status":"closed","template":"","meta":[],"_links":{"self":[{"href":"http:\/\/www.vekayachtmarine.com\/index.php?rest_route=\/wp\/v2\/pages\/67"}],"collection":[{"href":"http:\/\/www.vekayachtmarine.com\/index.php?rest_route=\/wp\/v2\/pages"}],"about":[{"href":"http:\/\/www.vekayachtmarine.com\/index.php?rest_route=\/wp\/v2\/types\/page"}],"author":[{"embeddable":true,"href":"http:\/\/www.vekayachtmarine.com\/index.php?rest_route=\/wp\/v2\/users\/1"}],"replies":[{"embeddable":true,"href":"http:\/\/www.vekayachtmarine.com\/index.php?rest_route=%2Fwp%2Fv2%2Fcomments&post=67"}],"version-history":[{"count":1,"href":"http:\/\/www.vekayachtmarine.com\/index.php?rest_route=\/wp\/v2\/pages\/67\/revisions"}],"predecessor-version":[{"id":555,"href":"http:\/\/www.vekayachtmarine.com\/index.php?rest_route=\/wp\/v2\/pages\/67\/revisions\/555"}],"up":[{"embeddable":true,"href":"http:\/\/www.vekayachtmarine.com\/index.php?rest_route=\/wp\/v2\/pages\/17"}],"wp:attachment":[{"href":"http:\/\/www.vekayachtmarine.com\/index.php?rest_route=%2Fwp%2Fv2%2Fmedia&parent=67"}],"curies":[{"name":"wp","href":"https:\/\/api.w.org\/{rel}","templated":true}]}}